{"id":21672,"date":"2025-11-12T10:13:56","date_gmt":"2025-11-12T09:13:56","guid":{"rendered":"https:\/\/kaleidoscopes.pl\/referencje\/"},"modified":"2026-02-11T16:04:26","modified_gmt":"2026-02-11T15:04:26","slug":"references","status":"publish","type":"page","link":"https:\/\/kaleidoscopes.pl\/en\/what-we-do\/references\/","title":{"rendered":"References"},"content":{"rendered":"\t\t<div data-elementor-type=\"wp-page\" data-elementor-id=\"21672\" class=\"elementor elementor-21672 elementor-21463\">\n\t\t\t\t<div class=\"elementor-element elementor-element-e878361 e-flex e-con-boxed e-con e-parent\" data-id=\"e878361\" data-element_type=\"container\">\n\t\t\t\t\t<div class=\"e-con-inner\">\n\t\t<div class=\"elementor-element elementor-element-8b68c71 e-con-full e-flex e-con e-child\" data-id=\"8b68c71\" data-element_type=\"container\">\n\t\t\t\t<div class=\"elementor-element elementor-element-b3207dd elementor-widget elementor-widget-thim-ekits-page-title\" data-id=\"b3207dd\" data-element_type=\"widget\" data-widget_type=\"thim-ekits-page-title.default\">\n\t\t\t\t<div class=\"elementor-widget-container\">\n\t\t\t\t\t\t\t<div class=\"thim-ekit-page-title\">\n\t\t<h1 class=\"page-title\">Archives<\/h1>\t\t<\/div>\n\t\t\t\t\t\t<\/div>\n\t\t\t\t<\/div>\n\t\t\t\t<div class=\"elementor-element elementor-element-59f8fa9 elementor-widget elementor-widget-image\" data-id=\"59f8fa9\" data-element_type=\"widget\" data-widget_type=\"image.default\">\n\t\t\t\t\t\t\t\t\t\t\t\t\t\t\t<img decoding=\"async\" width=\"96\" height=\"17\" data-src=\"https:\/\/kaleidoscopes.pl\/wp-content\/uploads\/2024\/06\/star.svg\" class=\"attachment-full size-full wp-image-21671 lazyload\" alt=\"\" src=\"data:image\/svg+xml;base64,PHN2ZyB3aWR0aD0iMSIgaGVpZ2h0PSIxIiB4bWxucz0iaHR0cDovL3d3dy53My5vcmcvMjAwMC9zdmciPjwvc3ZnPg==\" style=\"--smush-placeholder-width: 96px; --smush-placeholder-aspect-ratio: 96\/17;\" \/>\t\t\t\t\t\t\t\t\t\t\t\t\t\t\t<\/div>\n\t\t<div class=\"elementor-element elementor-element-60fb39c e-con-full e-grid e-con e-child\" data-id=\"60fb39c\" data-element_type=\"container\">\n\t\t\t\t<div class=\"elementor-element elementor-element-292ec8d elementor-widget__width-initial elementor-widget elementor-widget-image\" data-id=\"292ec8d\" data-element_type=\"widget\" data-widget_type=\"image.default\">\n\t\t\t\t\t\t\t\t\t\t\t\t\t\t\t\t<a href=\"https:\/\/kaleidoscopes.pl\/wp-content\/uploads\/2026\/01\/Referencje-CPK.pdf\">\n\t\t\t\t\t\t\t<img decoding=\"async\" width=\"300\" height=\"132\" data-src=\"https:\/\/kaleidoscopes.pl\/wp-content\/uploads\/2026\/01\/cpk_1-300x132.jpg\" class=\"attachment-medium size-medium wp-image-21826 lazyload\" alt=\"cpk 1\" data-srcset=\"https:\/\/kaleidoscopes.pl\/wp-content\/uploads\/2026\/01\/cpk_1-300x132.jpg 300w, https:\/\/kaleidoscopes.pl\/wp-content\/uploads\/2026\/01\/cpk_1-1024x451.jpg 1024w, https:\/\/kaleidoscopes.pl\/wp-content\/uploads\/2026\/01\/cpk_1-768x339.jpg 768w, https:\/\/kaleidoscopes.pl\/wp-content\/uploads\/2026\/01\/cpk_1.jpg 1200w\" data-sizes=\"(max-width: 300px) 100vw, 300px\" src=\"data:image\/svg+xml;base64,PHN2ZyB3aWR0aD0iMSIgaGVpZ2h0PSIxIiB4bWxucz0iaHR0cDovL3d3dy53My5vcmcvMjAwMC9zdmciPjwvc3ZnPg==\" style=\"--smush-placeholder-width: 300px; --smush-placeholder-aspect-ratio: 300\/132;\" \/>\t\t\t\t\t\t\t\t<\/a>\n\t\t\t\t\t\t\t\t\t\t\t\t\t\t\t<\/div>\n\t\t\t\t<div class=\"elementor-element elementor-element-122074a elementor-widget__width-initial elementor-widget elementor-widget-image\" data-id=\"122074a\" data-element_type=\"widget\" data-widget_type=\"image.default\">\n\t\t\t\t\t\t\t\t\t\t\t\t\t\t\t\t<a href=\"https:\/\/kaleidoscopes.pl\/wp-content\/uploads\/2025\/11\/Referencje-Stonly.pdf\">\n\t\t\t\t\t\t\t<img decoding=\"async\" width=\"300\" height=\"102\" data-src=\"https:\/\/kaleidoscopes.pl\/wp-content\/uploads\/2025\/11\/stonly-logo-300x102.png\" class=\"attachment-medium size-medium wp-image-21848 lazyload\" alt=\"stonly logo\" data-srcset=\"https:\/\/kaleidoscopes.pl\/wp-content\/uploads\/2025\/11\/stonly-logo-300x102.png 300w, https:\/\/kaleidoscopes.pl\/wp-content\/uploads\/2025\/11\/stonly-logo.png 752w\" data-sizes=\"(max-width: 300px) 100vw, 300px\" src=\"data:image\/svg+xml;base64,PHN2ZyB3aWR0aD0iMSIgaGVpZ2h0PSIxIiB4bWxucz0iaHR0cDovL3d3dy53My5vcmcvMjAwMC9zdmciPjwvc3ZnPg==\" style=\"--smush-placeholder-width: 300px; --smush-placeholder-aspect-ratio: 300\/102;\" \/>\t\t\t\t\t\t\t\t<\/a>\n\t\t\t\t\t\t\t\t\t\t\t\t\t\t\t<\/div>\n\t\t\t\t<div class=\"elementor-element elementor-element-83f072f elementor-widget__width-initial elementor-widget elementor-widget-image\" data-id=\"83f072f\" data-element_type=\"widget\" data-widget_type=\"image.default\">\n\t\t\t\t\t\t\t\t\t\t\t\t\t\t\t\t<a href=\"https:\/\/kaleidoscopes.pl\/wp-content\/uploads\/2025\/12\/skan_20251125_112711.pdf\">\n\t\t\t\t\t\t\t<img decoding=\"async\" width=\"150\" height=\"150\" data-src=\"https:\/\/kaleidoscopes.pl\/wp-content\/uploads\/2025\/12\/matio_lisc-150x150.jpg\" class=\"attachment-thumbnail size-thumbnail wp-image-21781 lazyload\" alt=\"matio lisc\" src=\"data:image\/svg+xml;base64,PHN2ZyB3aWR0aD0iMSIgaGVpZ2h0PSIxIiB4bWxucz0iaHR0cDovL3d3dy53My5vcmcvMjAwMC9zdmciPjwvc3ZnPg==\" style=\"--smush-placeholder-width: 150px; --smush-placeholder-aspect-ratio: 150\/150;\" \/>\t\t\t\t\t\t\t\t<\/a>\n\t\t\t\t\t\t\t\t\t\t\t\t\t\t\t<\/div>\n\t\t\t\t<div class=\"elementor-element elementor-element-a17c061 elementor-widget__width-initial elementor-widget elementor-widget-image\" data-id=\"a17c061\" data-element_type=\"widget\" data-widget_type=\"image.default\">\n\t\t\t\t\t\t\t\t\t\t\t\t\t\t\t<img decoding=\"async\" data-src=\"https:\/\/kaleidoscopes.pl\/wp-content\/uploads\/2025\/10\/JCI.svg\" title=\"\" alt=\"JCI\" src=\"data:image\/svg+xml;base64,PHN2ZyB3aWR0aD0iMSIgaGVpZ2h0PSIxIiB4bWxucz0iaHR0cDovL3d3dy53My5vcmcvMjAwMC9zdmciPjwvc3ZnPg==\" class=\"lazyload\" \/>\t\t\t\t\t\t\t\t\t\t\t\t\t\t\t<\/div>\n\t\t\t\t<div class=\"elementor-element elementor-element-fd18e7e elementor-widget__width-initial elementor-widget elementor-widget-image\" data-id=\"fd18e7e\" data-element_type=\"widget\" data-widget_type=\"image.default\">\n\t\t\t\t\t\t\t\t\t\t\t\t\t\t\t<img decoding=\"async\" data-src=\"https:\/\/kaleidoscopes.pl\/wp-content\/uploads\/2025\/10\/callpage.svg\" title=\"\" alt=\"callpage\" src=\"data:image\/svg+xml;base64,PHN2ZyB3aWR0aD0iMSIgaGVpZ2h0PSIxIiB4bWxucz0iaHR0cDovL3d3dy53My5vcmcvMjAwMC9zdmciPjwvc3ZnPg==\" class=\"lazyload\" \/>\t\t\t\t\t\t\t\t\t\t\t\t\t\t\t<\/div>\n\t\t\t\t<\/div>\n\t\t\t\t<\/div>\n\t\t\t\t\t<\/div>\n\t\t\t\t<\/div>\n\t\t\t\t<\/div>\n\t\t","protected":false},"excerpt":{"rendered":"<p>references references references references Archiwa<\/p>\n","protected":false},"author":3,"featured_media":0,"parent":21683,"menu_order":0,"comment_status":"closed","ping_status":"closed","template":"elementor_header_footer","meta":{"footnotes":""},"class_list":["post-21672","page","type-page","status-publish","hentry"],"yoast_head":"<!-- This site is optimized with the Yoast SEO plugin v26.3 - https:\/\/yoast.com\/wordpress\/plugins\/seo\/ -->\n<title>References - Kaleidoscopes Design Thinking - Warsztaty Kreatywnego Rozwi\u0105zywania Problem\u00f3w<\/title>\n<meta name=\"description\" content=\"Wdr\u00f3\u017c Design Thinking! Warsztaty Kaleidoscopes ucz\u0105 innowacyjnego podej\u015bcia do problem\u00f3w biznesowych i projektowania us\u0142ug. Postaw na kreatywno\u015b\u0107 w firmie.\" \/>\n<meta name=\"robots\" content=\"index, follow, max-snippet:-1, max-image-preview:large, max-video-preview:-1\" \/>\n<link rel=\"canonical\" href=\"https:\/\/kaleidoscopes.pl\/en\/what-we-do\/references\/\" \/>\n<meta property=\"og:locale\" content=\"en_US\" \/>\n<meta property=\"og:type\" content=\"article\" \/>\n<meta property=\"og:title\" content=\"References - Kaleidoscopes Design Thinking - Warsztaty Kreatywnego Rozwi\u0105zywania Problem\u00f3w\" \/>\n<meta property=\"og:description\" content=\"Wdr\u00f3\u017c Design Thinking! Warsztaty Kaleidoscopes ucz\u0105 innowacyjnego podej\u015bcia do problem\u00f3w biznesowych i projektowania us\u0142ug. Postaw na kreatywno\u015b\u0107 w firmie.\" \/>\n<meta property=\"og:url\" content=\"https:\/\/kaleidoscopes.pl\/en\/what-we-do\/references\/\" \/>\n<meta property=\"og:site_name\" content=\"Kaleidoscopes\" \/>\n<meta property=\"article:modified_time\" content=\"2026-02-11T15:04:26+00:00\" \/>\n<meta property=\"og:image\" content=\"https:\/\/kaleidoscopes.pl\/wp-content\/uploads\/2024\/06\/star.svg\" \/>\n<meta name=\"twitter:card\" content=\"summary_large_image\" \/>\n<meta name=\"twitter:label1\" content=\"Est. reading time\" \/>\n\t<meta name=\"twitter:data1\" content=\"2 minutes\" \/>\n<script type=\"application\/ld+json\" class=\"yoast-schema-graph\">{\"@context\":\"https:\/\/schema.org\",\"@graph\":[{\"@type\":\"WebPage\",\"@id\":\"https:\/\/kaleidoscopes.pl\/en\/what-we-do\/references\/\",\"url\":\"https:\/\/kaleidoscopes.pl\/en\/what-we-do\/references\/\",\"name\":\"References - Kaleidoscopes Design Thinking - Warsztaty Kreatywnego Rozwi\u0105zywania Problem\u00f3w\",\"isPartOf\":{\"@id\":\"https:\/\/kaleidoscopes.pl\/en\/#website\"},\"primaryImageOfPage\":{\"@id\":\"https:\/\/kaleidoscopes.pl\/en\/what-we-do\/references\/#primaryimage\"},\"image\":{\"@id\":\"https:\/\/kaleidoscopes.pl\/en\/what-we-do\/references\/#primaryimage\"},\"thumbnailUrl\":\"https:\/\/kaleidoscopes.pl\/wp-content\/uploads\/2024\/06\/star.svg\",\"datePublished\":\"2025-11-12T09:13:56+00:00\",\"dateModified\":\"2026-02-11T15:04:26+00:00\",\"description\":\"Wdr\u00f3\u017c Design Thinking! Warsztaty Kaleidoscopes ucz\u0105 innowacyjnego podej\u015bcia do problem\u00f3w biznesowych i projektowania us\u0142ug. Postaw na kreatywno\u015b\u0107 w firmie.\",\"breadcrumb\":{\"@id\":\"https:\/\/kaleidoscopes.pl\/en\/what-we-do\/references\/#breadcrumb\"},\"inLanguage\":\"en-US\",\"potentialAction\":[{\"@type\":\"ReadAction\",\"target\":[\"https:\/\/kaleidoscopes.pl\/en\/what-we-do\/references\/\"]}]},{\"@type\":\"ImageObject\",\"inLanguage\":\"en-US\",\"@id\":\"https:\/\/kaleidoscopes.pl\/en\/what-we-do\/references\/#primaryimage\",\"url\":\"https:\/\/kaleidoscopes.pl\/wp-content\/uploads\/2024\/06\/star.svg\",\"contentUrl\":\"https:\/\/kaleidoscopes.pl\/wp-content\/uploads\/2024\/06\/star.svg\"},{\"@type\":\"BreadcrumbList\",\"@id\":\"https:\/\/kaleidoscopes.pl\/en\/what-we-do\/references\/#breadcrumb\",\"itemListElement\":[{\"@type\":\"ListItem\",\"position\":1,\"name\":\"Strona g\u0142\u00f3wna\",\"item\":\"https:\/\/kaleidoscopes.pl\/en\/\"},{\"@type\":\"ListItem\",\"position\":2,\"name\":\"What we do\",\"item\":\"https:\/\/kaleidoscopes.pl\/en\/what-we-do\/\"},{\"@type\":\"ListItem\",\"position\":3,\"name\":\"References\"}]},{\"@type\":\"WebSite\",\"@id\":\"https:\/\/kaleidoscopes.pl\/en\/#website\",\"url\":\"https:\/\/kaleidoscopes.pl\/en\/\",\"name\":\"Kaleidoscopes - Szkolenia i Warsztaty Lego Serious Play i Design Thinking\",\"description\":\"Just another WordPress site\",\"publisher\":{\"@id\":\"https:\/\/kaleidoscopes.pl\/en\/#organization\"},\"potentialAction\":[{\"@type\":\"SearchAction\",\"target\":{\"@type\":\"EntryPoint\",\"urlTemplate\":\"https:\/\/kaleidoscopes.pl\/en\/?s={search_term_string}\"},\"query-input\":{\"@type\":\"PropertyValueSpecification\",\"valueRequired\":true,\"valueName\":\"search_term_string\"}}],\"inLanguage\":\"en-US\"},{\"@type\":\"Organization\",\"@id\":\"https:\/\/kaleidoscopes.pl\/en\/#organization\",\"name\":\"Kaleidoscopes\",\"url\":\"https:\/\/kaleidoscopes.pl\/en\/\",\"logo\":{\"@type\":\"ImageObject\",\"inLanguage\":\"en-US\",\"@id\":\"https:\/\/kaleidoscopes.pl\/en\/#\/schema\/logo\/image\/\",\"url\":\"https:\/\/kaleidoscopes.pl\/wp-content\/uploads\/2025\/10\/KALEIDOSCOPES-logo-1.png\",\"contentUrl\":\"https:\/\/kaleidoscopes.pl\/wp-content\/uploads\/2025\/10\/KALEIDOSCOPES-logo-1.png\",\"width\":133,\"height\":126,\"caption\":\"Kaleidoscopes\"},\"image\":{\"@id\":\"https:\/\/kaleidoscopes.pl\/en\/#\/schema\/logo\/image\/\"}}]}<\/script>\n<!-- \/ Yoast SEO plugin. -->","yoast_head_json":{"title":"References - Kaleidoscopes Design Thinking - Warsztaty Kreatywnego Rozwi\u0105zywania Problem\u00f3w","description":"Wdr\u00f3\u017c Design Thinking! Warsztaty Kaleidoscopes ucz\u0105 innowacyjnego podej\u015bcia do problem\u00f3w biznesowych i projektowania us\u0142ug. Postaw na kreatywno\u015b\u0107 w firmie.","robots":{"index":"index","follow":"follow","max-snippet":"max-snippet:-1","max-image-preview":"max-image-preview:large","max-video-preview":"max-video-preview:-1"},"canonical":"https:\/\/kaleidoscopes.pl\/en\/what-we-do\/references\/","og_locale":"en_US","og_type":"article","og_title":"References - Kaleidoscopes Design Thinking - Warsztaty Kreatywnego Rozwi\u0105zywania Problem\u00f3w","og_description":"Wdr\u00f3\u017c Design Thinking! Warsztaty Kaleidoscopes ucz\u0105 innowacyjnego podej\u015bcia do problem\u00f3w biznesowych i projektowania us\u0142ug. Postaw na kreatywno\u015b\u0107 w firmie.","og_url":"https:\/\/kaleidoscopes.pl\/en\/what-we-do\/references\/","og_site_name":"Kaleidoscopes","article_modified_time":"2026-02-11T15:04:26+00:00","og_image":[{"url":"https:\/\/kaleidoscopes.pl\/wp-content\/uploads\/2024\/06\/star.svg","type":"","width":"","height":""}],"twitter_card":"summary_large_image","twitter_misc":{"Est. reading time":"2 minutes"},"schema":{"@context":"https:\/\/schema.org","@graph":[{"@type":"WebPage","@id":"https:\/\/kaleidoscopes.pl\/en\/what-we-do\/references\/","url":"https:\/\/kaleidoscopes.pl\/en\/what-we-do\/references\/","name":"References - Kaleidoscopes Design Thinking - Warsztaty Kreatywnego Rozwi\u0105zywania Problem\u00f3w","isPartOf":{"@id":"https:\/\/kaleidoscopes.pl\/en\/#website"},"primaryImageOfPage":{"@id":"https:\/\/kaleidoscopes.pl\/en\/what-we-do\/references\/#primaryimage"},"image":{"@id":"https:\/\/kaleidoscopes.pl\/en\/what-we-do\/references\/#primaryimage"},"thumbnailUrl":"https:\/\/kaleidoscopes.pl\/wp-content\/uploads\/2024\/06\/star.svg","datePublished":"2025-11-12T09:13:56+00:00","dateModified":"2026-02-11T15:04:26+00:00","description":"Wdr\u00f3\u017c Design Thinking! Warsztaty Kaleidoscopes ucz\u0105 innowacyjnego podej\u015bcia do problem\u00f3w biznesowych i projektowania us\u0142ug. Postaw na kreatywno\u015b\u0107 w firmie.","breadcrumb":{"@id":"https:\/\/kaleidoscopes.pl\/en\/what-we-do\/references\/#breadcrumb"},"inLanguage":"en-US","potentialAction":[{"@type":"ReadAction","target":["https:\/\/kaleidoscopes.pl\/en\/what-we-do\/references\/"]}]},{"@type":"ImageObject","inLanguage":"en-US","@id":"https:\/\/kaleidoscopes.pl\/en\/what-we-do\/references\/#primaryimage","url":"https:\/\/kaleidoscopes.pl\/wp-content\/uploads\/2024\/06\/star.svg","contentUrl":"https:\/\/kaleidoscopes.pl\/wp-content\/uploads\/2024\/06\/star.svg"},{"@type":"BreadcrumbList","@id":"https:\/\/kaleidoscopes.pl\/en\/what-we-do\/references\/#breadcrumb","itemListElement":[{"@type":"ListItem","position":1,"name":"Strona g\u0142\u00f3wna","item":"https:\/\/kaleidoscopes.pl\/en\/"},{"@type":"ListItem","position":2,"name":"What we do","item":"https:\/\/kaleidoscopes.pl\/en\/what-we-do\/"},{"@type":"ListItem","position":3,"name":"References"}]},{"@type":"WebSite","@id":"https:\/\/kaleidoscopes.pl\/en\/#website","url":"https:\/\/kaleidoscopes.pl\/en\/","name":"Kaleidoscopes - Szkolenia i Warsztaty Lego Serious Play i Design Thinking","description":"Just another WordPress site","publisher":{"@id":"https:\/\/kaleidoscopes.pl\/en\/#organization"},"potentialAction":[{"@type":"SearchAction","target":{"@type":"EntryPoint","urlTemplate":"https:\/\/kaleidoscopes.pl\/en\/?s={search_term_string}"},"query-input":{"@type":"PropertyValueSpecification","valueRequired":true,"valueName":"search_term_string"}}],"inLanguage":"en-US"},{"@type":"Organization","@id":"https:\/\/kaleidoscopes.pl\/en\/#organization","name":"Kaleidoscopes","url":"https:\/\/kaleidoscopes.pl\/en\/","logo":{"@type":"ImageObject","inLanguage":"en-US","@id":"https:\/\/kaleidoscopes.pl\/en\/#\/schema\/logo\/image\/","url":"https:\/\/kaleidoscopes.pl\/wp-content\/uploads\/2025\/10\/KALEIDOSCOPES-logo-1.png","contentUrl":"https:\/\/kaleidoscopes.pl\/wp-content\/uploads\/2025\/10\/KALEIDOSCOPES-logo-1.png","width":133,"height":126,"caption":"Kaleidoscopes"},"image":{"@id":"https:\/\/kaleidoscopes.pl\/en\/#\/schema\/logo\/image\/"}}]}},"_links":{"self":[{"href":"https:\/\/kaleidoscopes.pl\/en\/wp-json\/wp\/v2\/pages\/21672","targetHints":{"allow":["GET"]}}],"collection":[{"href":"https:\/\/kaleidoscopes.pl\/en\/wp-json\/wp\/v2\/pages"}],"about":[{"href":"https:\/\/kaleidoscopes.pl\/en\/wp-json\/wp\/v2\/types\/page"}],"author":[{"embeddable":true,"href":"https:\/\/kaleidoscopes.pl\/en\/wp-json\/wp\/v2\/users\/3"}],"replies":[{"embeddable":true,"href":"https:\/\/kaleidoscopes.pl\/en\/wp-json\/wp\/v2\/comments?post=21672"}],"version-history":[{"count":14,"href":"https:\/\/kaleidoscopes.pl\/en\/wp-json\/wp\/v2\/pages\/21672\/revisions"}],"predecessor-version":[{"id":22111,"href":"https:\/\/kaleidoscopes.pl\/en\/wp-json\/wp\/v2\/pages\/21672\/revisions\/22111"}],"up":[{"embeddable":true,"href":"https:\/\/kaleidoscopes.pl\/en\/wp-json\/wp\/v2\/pages\/21683"}],"wp:attachment":[{"href":"https:\/\/kaleidoscopes.pl\/en\/wp-json\/wp\/v2\/media?parent=21672"}],"curies":[{"name":"wp","href":"https:\/\/api.w.org\/{rel}","templated":true}]}}