{"id":21681,"date":"2025-10-06T11:57:10","date_gmt":"2025-10-06T09:57:10","guid":{"rendered":"https:\/\/kaleidoscopes.pl\/coaching-1x1\/"},"modified":"2026-02-09T08:21:51","modified_gmt":"2026-02-09T07:21:51","slug":"coaching-1x1","status":"publish","type":"page","link":"https:\/\/kaleidoscopes.pl\/en\/what-we-do\/coaching-1x1\/","title":{"rendered":"Coaching 1&#215;1"},"content":{"rendered":"\t\t<div data-elementor-type=\"wp-page\" data-elementor-id=\"21681\" class=\"elementor elementor-21681 elementor-20624\">\n\t\t\t\t<div class=\"elementor-element elementor-element-e878361 e-flex e-con-boxed e-con e-parent\" data-id=\"e878361\" data-element_type=\"container\">\n\t\t\t\t\t<div class=\"e-con-inner\">\n\t\t<div class=\"elementor-element elementor-element-8b68c71 e-con-full e-flex e-con e-child\" data-id=\"8b68c71\" data-element_type=\"container\">\n\t\t\t\t<div class=\"elementor-element elementor-element-b3207dd elementor-widget elementor-widget-thim-ekits-page-title\" data-id=\"b3207dd\" data-element_type=\"widget\" data-widget_type=\"thim-ekits-page-title.default\">\n\t\t\t\t<div class=\"elementor-widget-container\">\n\t\t\t\t\t\t\t<div class=\"thim-ekit-page-title\">\n\t\t<h1 class=\"page-title\">Archives<\/h1>\t\t<\/div>\n\t\t\t\t\t\t<\/div>\n\t\t\t\t<\/div>\n\t\t\t\t<div class=\"elementor-element elementor-element-f5cc4dc elementor-widget elementor-widget-text-editor\" data-id=\"f5cc4dc\" data-element_type=\"widget\" data-widget_type=\"text-editor.default\">\n\t\t\t\t\t\t\t\t\t<p>1-on-1 Coaching is an individual process in which the trainer-coach supports the a person in achieving their personal or professional goals (or the organization\u2019s goals).<br \/>This method is particularly effective if you seek personalized support and want to deepen your self-reflection.<\/p>\t\t\t\t\t\t\t\t<\/div>\n\t\t\t\t<div class=\"elementor-element elementor-element-1cdcd31 elementor-widget elementor-widget-text-editor\" data-id=\"1cdcd31\" data-element_type=\"widget\" data-widget_type=\"text-editor.default\">\n\t\t\t\t\t\t\t\t\t<h5>Key Aspects of 1-on-1 Coaching<\/h5><ul style=\"margin-top: 10px;\"><li>Focus on You \u2014 Sessions are entirely centered on your needs, goals, and challenges. The trainer-coach uses questions to help you discover your own solutions and potential, rather than imposing ready-made answers.<\/li><li>Partnership Approach \u2014 The coaching relationship is based on trust and mutual respect. The coach acts as your partner in the development process, not as a teacher or advisor.<\/li><li>Practical Tools \u2014 During sessions, you can work on specific skills such as communication, stress management, or decision-making. The tools and techniques used are tailored to your unique style and needs.<\/li><\/ul>\t\t\t\t\t\t\t\t<\/div>\n\t\t<div class=\"elementor-element elementor-element-601c7f3 e-con-full e-flex e-con e-child\" data-id=\"601c7f3\" data-element_type=\"container\">\n\t\t\t\t<div class=\"elementor-element elementor-element-ec7e9c8 elementor-widget elementor-widget-text-editor\" data-id=\"ec7e9c8\" data-element_type=\"widget\" data-widget_type=\"text-editor.default\">\n\t\t\t\t\t\t\t\t\t<h5>Example Applications of 1-on-1 Coaching<\/h5>\t\t\t\t\t\t\t\t<\/div>\n\t\t\t\t<div class=\"elementor-element elementor-element-bb0df7b elementor-widget elementor-widget-thim-ekits-header-info\" data-id=\"bb0df7b\" data-element_type=\"widget\" data-widget_type=\"thim-ekits-header-info.default\">\n\t\t\t\t<div class=\"elementor-widget-container\">\n\t\t\t\t\t\t\t<div class=\"header-info-swapper\">\n\t\t\t<ul class=\"thim-header-info\">\n\t\t\t\t\t\t\t\t\t\t<li>\n\t\t\t\t\t\t\t\t\t\t\t\t\t\t\t\t\t\t\t\t\t\t\t\t<span>\n\t\t\t\t\t\t\t\t\t<i aria-hidden=\"true\" class=\"tk tk-check\"><\/i>\t\t\t\t\t\t\t\t<\/span>\n\t\t\t\t\t\t\t\t\n\t\t\t\t\t\t\t\t<b> Personal Development:<\/B> Coaching helps better understand one\u2019s values, motivations, and goals. It promotes overcoming internal blockages and increasing self-confidence.\n\t\t\t\t\t\t\t\t\t\t\t\t\t\t<\/li>\n\t\t\t\t\t\t\t\t\t\t\t\t<li>\n\t\t\t\t\t\t\t\t\t\t\t\t\t\t\t\t\t\t\t\t\t\t\t\t<span>\n\t\t\t\t\t\t\t\t\t<i aria-hidden=\"true\" class=\"tk tk-check\"><\/i>\t\t\t\t\t\t\t\t<\/span>\n\t\t\t\t\t\t\t\t\n\t\t\t\t\t\t\t\t<b>Career Development:<\/b> Sessions can assist in planning a professional path, preparing for promotion, or coping with challenges in the current job.\n\t\t\t\t\t\t\t\t\t\t\t\t\t\t<\/li>\n\t\t\t\t\t\t\t\t\t\t\t\t<li>\n\t\t\t\t\t\t\t\t\t\t\t\t\t\t\t\t\t\t\t\t\t\t\t\t<span>\n\t\t\t\t\t\t\t\t\t<i aria-hidden=\"true\" class=\"tk tk-check\"><\/i>\t\t\t\t\t\t\t\t<\/span>\n\t\t\t\t\t\t\t\t\n\t\t\t\t\t\t\t\t<b>Management Preparation:<\/b> Coaching helps leaders and managers with building their people management skills, task delegation, and team motivation.\n\t\t\t\t\t\t\t\t\t\t\t\t\t\t<\/li>\n\t\t\t\t\t\t\t\t\t\t\t\t<li>\n\t\t\t\t\t\t\t\t\t\t\t\t\t\t\t\t\t\t\t\t\t\t\t\t<span>\n\t\t\t\t\t\t\t\t\t<i aria-hidden=\"true\" class=\"tk tk-check\"><\/i>\t\t\t\t\t\t\t\t<\/span>\n\t\t\t\t\t\t\t\t\n\t\t\t\t\t\t\t\t<b>Habit Change:<\/b> It helps develop lasting changes in daily life, both in private and professional spheres.\n\t\t\t\t\t\t\t\t\t\t\t\t\t\t<\/li>\n\t\t\t\t\t\t\t\t\t<\/ul>\n\t\t<\/div>\n\t\t\t\t\t\t<\/div>\n\t\t\t\t<\/div>\n\t\t\t\t<\/div>\n\t\t\t\t<div class=\"elementor-element elementor-element-59f8fa9 elementor-widget elementor-widget-image\" data-id=\"59f8fa9\" data-element_type=\"widget\" data-widget_type=\"image.default\">\n\t\t\t\t\t\t\t\t\t\t\t\t\t\t\t<img fetchpriority=\"high\" decoding=\"async\" width=\"2048\" height=\"922\" src=\"https:\/\/kaleidoscopes.pl\/wp-content\/uploads\/2025\/10\/co-robimy-coaching-e1761575144342.jpg\" class=\"attachment-full size-full wp-image-21845\" alt=\"co robimy   coaching\" srcset=\"https:\/\/kaleidoscopes.pl\/wp-content\/uploads\/2025\/10\/co-robimy-coaching-e1761575144342.jpg 2048w, https:\/\/kaleidoscopes.pl\/wp-content\/uploads\/2025\/10\/co-robimy-coaching-e1761575144342-300x135.jpg 300w, https:\/\/kaleidoscopes.pl\/wp-content\/uploads\/2025\/10\/co-robimy-coaching-e1761575144342-1024x461.jpg 1024w, https:\/\/kaleidoscopes.pl\/wp-content\/uploads\/2025\/10\/co-robimy-coaching-e1761575144342-768x346.jpg 768w, https:\/\/kaleidoscopes.pl\/wp-content\/uploads\/2025\/10\/co-robimy-coaching-e1761575144342-1536x692.jpg 1536w\" sizes=\"(max-width: 2048px) 100vw, 2048px\" \/>\t\t\t\t\t\t\t\t\t\t\t\t\t\t\t<\/div>\n\t\t<div class=\"elementor-element elementor-element-21cf516 e-con-full e-flex e-con e-child\" data-id=\"21cf516\" data-element_type=\"container\">\n\t\t\t\t<div class=\"elementor-element elementor-element-65a7042 elementor-widget elementor-widget-text-editor\" data-id=\"65a7042\" data-element_type=\"widget\" data-widget_type=\"text-editor.default\">\n\t\t\t\t\t\t\t\t\t<h5><b>1-on-1 Coaching with LEGO<sup>\u00ae<\/sup> SERIOUS PLAY<sup>\u00ae<\/sup><\/b><\/h5>\t\t\t\t\t\t\t\t<\/div>\n\t\t\t\t<div class=\"elementor-element elementor-element-82c22c0 elementor-widget elementor-widget-text-editor\" data-id=\"82c22c0\" data-element_type=\"widget\" data-widget_type=\"text-editor.default\">\n\t\t\t\t\t\t\t\t\tOur coaching sessions are enriched with the innovative LEGO<sup>\u00ae<\/sup> Serious Play<sup>\u00ae<\/sup> (LSP) methodology. This unique combination of traditional coaching and practical model-building with bricks allows you to visualize your goals and challenges, aiding deeper problem understanding and finding unconventional solutions. Bricks become a tool for expressing emotions and thoughts in a safe, creative way.\t\t\t\t\t\t\t\t<\/div>\n\t\t\t\t<\/div>\n\t\t\t\t<\/div>\n\t\t\t\t\t<\/div>\n\t\t\t\t<\/div>\n\t\t\t\t<\/div>\n\t\t","protected":false},"excerpt":{"rendered":"<p>Archiwa 1-on-1 Coaching is an individual process in which the trainer-coach supports the a person in achieving their personal or professional goals (or the organization\u2019s goals).This method is particularly effective if you seek personalized support and want to deepen your [&hellip;]<\/p>\n","protected":false},"author":3,"featured_media":0,"parent":21683,"menu_order":0,"comment_status":"closed","ping_status":"closed","template":"elementor_header_footer","meta":{"footnotes":""},"class_list":["post-21681","page","type-page","status-publish","hentry"],"yoast_head":"<!-- This site is optimized with the Yoast SEO plugin v26.3 - https:\/\/yoast.com\/wordpress\/plugins\/seo\/ -->\n<title>Coaching 1x1 - Kaleidoscopes Coaching 1 na 1 i Zespo\u0142owy dla Kadry Zarz\u0105dzaj\u0105cej - C-Level<\/title>\n<meta name=\"description\" content=\"Profesjonalny Coaching 1x1. Wzmacniaj kompetencje liderskie, rozwijaj potencja\u0142 i osi\u0105gaj cele biznesowe. Skup si\u0119 na skutecznym rozwoju.\" \/>\n<meta name=\"robots\" content=\"index, follow, max-snippet:-1, max-image-preview:large, max-video-preview:-1\" \/>\n<link rel=\"canonical\" href=\"https:\/\/kaleidoscopes.pl\/en\/what-we-do\/coaching-1x1\/\" \/>\n<meta property=\"og:locale\" content=\"en_US\" \/>\n<meta property=\"og:type\" content=\"article\" \/>\n<meta property=\"og:title\" content=\"Coaching 1x1 - Kaleidoscopes Coaching 1 na 1 i Zespo\u0142owy dla Kadry Zarz\u0105dzaj\u0105cej - C-Level\" \/>\n<meta property=\"og:description\" content=\"Profesjonalny Coaching 1x1. Wzmacniaj kompetencje liderskie, rozwijaj potencja\u0142 i osi\u0105gaj cele biznesowe. Skup si\u0119 na skutecznym rozwoju.\" \/>\n<meta property=\"og:url\" content=\"https:\/\/kaleidoscopes.pl\/en\/what-we-do\/coaching-1x1\/\" \/>\n<meta property=\"og:site_name\" content=\"Kaleidoscopes\" \/>\n<meta property=\"article:modified_time\" content=\"2026-02-09T07:21:51+00:00\" \/>\n<meta property=\"og:image\" content=\"https:\/\/kaleidoscopes.pl\/wp-content\/uploads\/2025\/10\/co-robimy-coaching-e1761575144342.jpg\" \/>\n\t<meta property=\"og:image:width\" content=\"2048\" \/>\n\t<meta property=\"og:image:height\" content=\"922\" \/>\n\t<meta property=\"og:image:type\" content=\"image\/jpeg\" \/>\n<meta name=\"twitter:card\" content=\"summary_large_image\" \/>\n<meta name=\"twitter:label1\" content=\"Est. reading time\" \/>\n\t<meta name=\"twitter:data1\" content=\"1 minute\" \/>\n<script type=\"application\/ld+json\" class=\"yoast-schema-graph\">{\"@context\":\"https:\/\/schema.org\",\"@graph\":[{\"@type\":\"WebPage\",\"@id\":\"https:\/\/kaleidoscopes.pl\/en\/what-we-do\/coaching-1x1\/\",\"url\":\"https:\/\/kaleidoscopes.pl\/en\/what-we-do\/coaching-1x1\/\",\"name\":\"Coaching 1x1 - Kaleidoscopes Coaching 1 na 1 i Zespo\u0142owy dla Kadry Zarz\u0105dzaj\u0105cej - C-Level\",\"isPartOf\":{\"@id\":\"https:\/\/kaleidoscopes.pl\/en\/#website\"},\"primaryImageOfPage\":{\"@id\":\"https:\/\/kaleidoscopes.pl\/en\/what-we-do\/coaching-1x1\/#primaryimage\"},\"image\":{\"@id\":\"https:\/\/kaleidoscopes.pl\/en\/what-we-do\/coaching-1x1\/#primaryimage\"},\"thumbnailUrl\":\"https:\/\/kaleidoscopes.pl\/wp-content\/uploads\/2025\/10\/co-robimy-coaching-e1761575144342.jpg\",\"datePublished\":\"2025-10-06T09:57:10+00:00\",\"dateModified\":\"2026-02-09T07:21:51+00:00\",\"description\":\"Profesjonalny Coaching 1x1. Wzmacniaj kompetencje liderskie, rozwijaj potencja\u0142 i osi\u0105gaj cele biznesowe. Skup si\u0119 na skutecznym rozwoju.\",\"breadcrumb\":{\"@id\":\"https:\/\/kaleidoscopes.pl\/en\/what-we-do\/coaching-1x1\/#breadcrumb\"},\"inLanguage\":\"en-US\",\"potentialAction\":[{\"@type\":\"ReadAction\",\"target\":[\"https:\/\/kaleidoscopes.pl\/en\/what-we-do\/coaching-1x1\/\"]}]},{\"@type\":\"ImageObject\",\"inLanguage\":\"en-US\",\"@id\":\"https:\/\/kaleidoscopes.pl\/en\/what-we-do\/coaching-1x1\/#primaryimage\",\"url\":\"https:\/\/kaleidoscopes.pl\/wp-content\/uploads\/2025\/10\/co-robimy-coaching-e1761575144342.jpg\",\"contentUrl\":\"https:\/\/kaleidoscopes.pl\/wp-content\/uploads\/2025\/10\/co-robimy-coaching-e1761575144342.jpg\"},{\"@type\":\"BreadcrumbList\",\"@id\":\"https:\/\/kaleidoscopes.pl\/en\/what-we-do\/coaching-1x1\/#breadcrumb\",\"itemListElement\":[{\"@type\":\"ListItem\",\"position\":1,\"name\":\"Strona g\u0142\u00f3wna\",\"item\":\"https:\/\/kaleidoscopes.pl\/en\/\"},{\"@type\":\"ListItem\",\"position\":2,\"name\":\"What we do\",\"item\":\"https:\/\/kaleidoscopes.pl\/en\/what-we-do\/\"},{\"@type\":\"ListItem\",\"position\":3,\"name\":\"Coaching 1&#215;1\"}]},{\"@type\":\"WebSite\",\"@id\":\"https:\/\/kaleidoscopes.pl\/en\/#website\",\"url\":\"https:\/\/kaleidoscopes.pl\/en\/\",\"name\":\"Kaleidoscopes - Szkolenia i Warsztaty Lego Serious Play i Design Thinking\",\"description\":\"Just another WordPress site\",\"publisher\":{\"@id\":\"https:\/\/kaleidoscopes.pl\/en\/#organization\"},\"potentialAction\":[{\"@type\":\"SearchAction\",\"target\":{\"@type\":\"EntryPoint\",\"urlTemplate\":\"https:\/\/kaleidoscopes.pl\/en\/?s={search_term_string}\"},\"query-input\":{\"@type\":\"PropertyValueSpecification\",\"valueRequired\":true,\"valueName\":\"search_term_string\"}}],\"inLanguage\":\"en-US\"},{\"@type\":\"Organization\",\"@id\":\"https:\/\/kaleidoscopes.pl\/en\/#organization\",\"name\":\"Kaleidoscopes\",\"url\":\"https:\/\/kaleidoscopes.pl\/en\/\",\"logo\":{\"@type\":\"ImageObject\",\"inLanguage\":\"en-US\",\"@id\":\"https:\/\/kaleidoscopes.pl\/en\/#\/schema\/logo\/image\/\",\"url\":\"https:\/\/kaleidoscopes.pl\/wp-content\/uploads\/2025\/10\/KALEIDOSCOPES-logo-1.png\",\"contentUrl\":\"https:\/\/kaleidoscopes.pl\/wp-content\/uploads\/2025\/10\/KALEIDOSCOPES-logo-1.png\",\"width\":133,\"height\":126,\"caption\":\"Kaleidoscopes\"},\"image\":{\"@id\":\"https:\/\/kaleidoscopes.pl\/en\/#\/schema\/logo\/image\/\"}}]}<\/script>\n<!-- \/ Yoast SEO plugin. -->","yoast_head_json":{"title":"Coaching 1x1 - Kaleidoscopes Coaching 1 na 1 i Zespo\u0142owy dla Kadry Zarz\u0105dzaj\u0105cej - C-Level","description":"Profesjonalny Coaching 1x1. Wzmacniaj kompetencje liderskie, rozwijaj potencja\u0142 i osi\u0105gaj cele biznesowe. Skup si\u0119 na skutecznym rozwoju.","robots":{"index":"index","follow":"follow","max-snippet":"max-snippet:-1","max-image-preview":"max-image-preview:large","max-video-preview":"max-video-preview:-1"},"canonical":"https:\/\/kaleidoscopes.pl\/en\/what-we-do\/coaching-1x1\/","og_locale":"en_US","og_type":"article","og_title":"Coaching 1x1 - Kaleidoscopes Coaching 1 na 1 i Zespo\u0142owy dla Kadry Zarz\u0105dzaj\u0105cej - C-Level","og_description":"Profesjonalny Coaching 1x1. Wzmacniaj kompetencje liderskie, rozwijaj potencja\u0142 i osi\u0105gaj cele biznesowe. Skup si\u0119 na skutecznym rozwoju.","og_url":"https:\/\/kaleidoscopes.pl\/en\/what-we-do\/coaching-1x1\/","og_site_name":"Kaleidoscopes","article_modified_time":"2026-02-09T07:21:51+00:00","og_image":[{"width":2048,"height":922,"url":"https:\/\/kaleidoscopes.pl\/wp-content\/uploads\/2025\/10\/co-robimy-coaching-e1761575144342.jpg","type":"image\/jpeg"}],"twitter_card":"summary_large_image","twitter_misc":{"Est. reading time":"1 minute"},"schema":{"@context":"https:\/\/schema.org","@graph":[{"@type":"WebPage","@id":"https:\/\/kaleidoscopes.pl\/en\/what-we-do\/coaching-1x1\/","url":"https:\/\/kaleidoscopes.pl\/en\/what-we-do\/coaching-1x1\/","name":"Coaching 1x1 - Kaleidoscopes Coaching 1 na 1 i Zespo\u0142owy dla Kadry Zarz\u0105dzaj\u0105cej - C-Level","isPartOf":{"@id":"https:\/\/kaleidoscopes.pl\/en\/#website"},"primaryImageOfPage":{"@id":"https:\/\/kaleidoscopes.pl\/en\/what-we-do\/coaching-1x1\/#primaryimage"},"image":{"@id":"https:\/\/kaleidoscopes.pl\/en\/what-we-do\/coaching-1x1\/#primaryimage"},"thumbnailUrl":"https:\/\/kaleidoscopes.pl\/wp-content\/uploads\/2025\/10\/co-robimy-coaching-e1761575144342.jpg","datePublished":"2025-10-06T09:57:10+00:00","dateModified":"2026-02-09T07:21:51+00:00","description":"Profesjonalny Coaching 1x1. Wzmacniaj kompetencje liderskie, rozwijaj potencja\u0142 i osi\u0105gaj cele biznesowe. Skup si\u0119 na skutecznym rozwoju.","breadcrumb":{"@id":"https:\/\/kaleidoscopes.pl\/en\/what-we-do\/coaching-1x1\/#breadcrumb"},"inLanguage":"en-US","potentialAction":[{"@type":"ReadAction","target":["https:\/\/kaleidoscopes.pl\/en\/what-we-do\/coaching-1x1\/"]}]},{"@type":"ImageObject","inLanguage":"en-US","@id":"https:\/\/kaleidoscopes.pl\/en\/what-we-do\/coaching-1x1\/#primaryimage","url":"https:\/\/kaleidoscopes.pl\/wp-content\/uploads\/2025\/10\/co-robimy-coaching-e1761575144342.jpg","contentUrl":"https:\/\/kaleidoscopes.pl\/wp-content\/uploads\/2025\/10\/co-robimy-coaching-e1761575144342.jpg"},{"@type":"BreadcrumbList","@id":"https:\/\/kaleidoscopes.pl\/en\/what-we-do\/coaching-1x1\/#breadcrumb","itemListElement":[{"@type":"ListItem","position":1,"name":"Strona g\u0142\u00f3wna","item":"https:\/\/kaleidoscopes.pl\/en\/"},{"@type":"ListItem","position":2,"name":"What we do","item":"https:\/\/kaleidoscopes.pl\/en\/what-we-do\/"},{"@type":"ListItem","position":3,"name":"Coaching 1&#215;1"}]},{"@type":"WebSite","@id":"https:\/\/kaleidoscopes.pl\/en\/#website","url":"https:\/\/kaleidoscopes.pl\/en\/","name":"Kaleidoscopes - Szkolenia i Warsztaty Lego Serious Play i Design Thinking","description":"Just another WordPress site","publisher":{"@id":"https:\/\/kaleidoscopes.pl\/en\/#organization"},"potentialAction":[{"@type":"SearchAction","target":{"@type":"EntryPoint","urlTemplate":"https:\/\/kaleidoscopes.pl\/en\/?s={search_term_string}"},"query-input":{"@type":"PropertyValueSpecification","valueRequired":true,"valueName":"search_term_string"}}],"inLanguage":"en-US"},{"@type":"Organization","@id":"https:\/\/kaleidoscopes.pl\/en\/#organization","name":"Kaleidoscopes","url":"https:\/\/kaleidoscopes.pl\/en\/","logo":{"@type":"ImageObject","inLanguage":"en-US","@id":"https:\/\/kaleidoscopes.pl\/en\/#\/schema\/logo\/image\/","url":"https:\/\/kaleidoscopes.pl\/wp-content\/uploads\/2025\/10\/KALEIDOSCOPES-logo-1.png","contentUrl":"https:\/\/kaleidoscopes.pl\/wp-content\/uploads\/2025\/10\/KALEIDOSCOPES-logo-1.png","width":133,"height":126,"caption":"Kaleidoscopes"},"image":{"@id":"https:\/\/kaleidoscopes.pl\/en\/#\/schema\/logo\/image\/"}}]}},"_links":{"self":[{"href":"https:\/\/kaleidoscopes.pl\/en\/wp-json\/wp\/v2\/pages\/21681","targetHints":{"allow":["GET"]}}],"collection":[{"href":"https:\/\/kaleidoscopes.pl\/en\/wp-json\/wp\/v2\/pages"}],"about":[{"href":"https:\/\/kaleidoscopes.pl\/en\/wp-json\/wp\/v2\/types\/page"}],"author":[{"embeddable":true,"href":"https:\/\/kaleidoscopes.pl\/en\/wp-json\/wp\/v2\/users\/3"}],"replies":[{"embeddable":true,"href":"https:\/\/kaleidoscopes.pl\/en\/wp-json\/wp\/v2\/comments?post=21681"}],"version-history":[{"count":3,"href":"https:\/\/kaleidoscopes.pl\/en\/wp-json\/wp\/v2\/pages\/21681\/revisions"}],"predecessor-version":[{"id":21954,"href":"https:\/\/kaleidoscopes.pl\/en\/wp-json\/wp\/v2\/pages\/21681\/revisions\/21954"}],"up":[{"embeddable":true,"href":"https:\/\/kaleidoscopes.pl\/en\/wp-json\/wp\/v2\/pages\/21683"}],"wp:attachment":[{"href":"https:\/\/kaleidoscopes.pl\/en\/wp-json\/wp\/v2\/media?parent=21681"}],"curies":[{"name":"wp","href":"https:\/\/api.w.org\/{rel}","templated":true}]}}