{"id":21691,"date":"2015-10-22T03:17:26","date_gmt":"2015-10-22T01:17:26","guid":{"rendered":"https:\/\/kaleidoscopes.pl\/kontakt\/"},"modified":"2026-02-11T16:43:57","modified_gmt":"2026-02-11T15:43:57","slug":"contact","status":"publish","type":"page","link":"https:\/\/kaleidoscopes.pl\/en\/contact\/","title":{"rendered":"Contact"},"content":{"rendered":"\t\t<div data-elementor-type=\"wp-post\" data-elementor-id=\"21691\" class=\"elementor elementor-21691 elementor-87\">\n\t\t\t\t<div class=\"elementor-element elementor-element-49ca3c9 e-flex e-con-boxed e-con e-parent\" data-id=\"49ca3c9\" data-element_type=\"container\">\n\t\t\t\t\t<div class=\"e-con-inner\">\n\t\t\t\t<div class=\"elementor-element elementor-element-484c0af elementor-widget__width-initial elementor-widget elementor-widget-thim-ekits-heading\" data-id=\"484c0af\" data-element_type=\"widget\" data-widget_type=\"thim-ekits-heading.default\">\n\t\t\t\t<div class=\"elementor-widget-container\">\n\t\t\t\t\t<div class=\"thim-ekits-heading thim-ekit__heading\"><h1 class=\"title\">Contact<\/h1><p class=\"sub-heading\">Get in touch with us - we are here to talk about your workshop<\/p><\/div>\t\t\t\t<\/div>\n\t\t\t\t<\/div>\n\t\t\t\t\t<\/div>\n\t\t\t\t<\/div>\n\t\t<div class=\"elementor-element elementor-element-4a15d2b e-con-full e-flex e-con e-parent\" data-id=\"4a15d2b\" data-element_type=\"container\">\n\t\t\t\t<div class=\"elementor-element elementor-element-c6af71e elementor-widget elementor-widget-google_maps\" data-id=\"c6af71e\" data-element_type=\"widget\" data-widget_type=\"google_maps.default\">\n\t\t\t\t\t\t\t<div class=\"elementor-custom-embed\">\n\t\t\t<iframe\n\t\t\t\t\tdata-src=\"https:\/\/maps.google.com\/maps?q=Kazimierza%20wielkiego%2058%2F6%2030-074&#038;t=m&#038;z=16&#038;output=embed&#038;iwloc=near\"\n\t\t\t\t\ttitle=\"Kazimierza wielkiego 58\/6 30-074\"\n\t\t\t\t\taria-label=\"Kazimierza wielkiego 58\/6 30-074\"\n\t\t\t src=\"data:image\/svg+xml;base64,PHN2ZyB3aWR0aD0iMSIgaGVpZ2h0PSIxIiB4bWxucz0iaHR0cDovL3d3dy53My5vcmcvMjAwMC9zdmciPjwvc3ZnPg==\" class=\"lazyload\" data-load-mode=\"1\"><\/iframe>\n\t\t<\/div>\n\t\t\t\t\t\t<\/div>\n\t\t\t\t<\/div>\n\t\t<div class=\"elementor-element elementor-element-3c26610 e-flex e-con-boxed e-con e-parent\" data-id=\"3c26610\" data-element_type=\"container\" data-settings=\"{&quot;background_background&quot;:&quot;classic&quot;}\">\n\t\t\t\t\t<div class=\"e-con-inner\">\n\t\t<div class=\"elementor-element elementor-element-9a49cfa e-grid e-con-boxed e-con e-child\" data-id=\"9a49cfa\" data-element_type=\"container\" data-settings=\"{&quot;background_background&quot;:&quot;classic&quot;}\">\n\t\t\t\t\t<div class=\"e-con-inner\">\n\t\t\t\t<div class=\"elementor-element elementor-element-be39523 elementor-widget__width-initial elementor-widget-mobile__width-inherit elementor-widget elementor-widget-thim-ekits-heading\" data-id=\"be39523\" data-element_type=\"widget\" data-widget_type=\"thim-ekits-heading.default\">\n\t\t\t\t<div class=\"elementor-widget-container\">\n\t\t\t\t\t<div class=\"thim-ekits-heading thim-ekit__heading\"><h6 class=\"title\">Email<\/h6><p class=\"sub-heading\"><a href=\"mailto:marcin@kaleidoscopes.pll\"> marcin@kaleidoscopes.pl<\/a><br>\n<a href=\"mailto:tomek@kaleidoscopes.pl\">tomek@kaleidoscopes.pl<\/a><br>\n<a href=\"mailto:hello@kaleidoscopes.pl\">hello@kaleidoscopes.pl<\/a><\/p><\/div>\t\t\t\t<\/div>\n\t\t\t\t<\/div>\n\t\t\t\t<div class=\"elementor-element elementor-element-eac25fe elementor-widget__width-initial elementor-widget-mobile__width-inherit elementor-widget elementor-widget-thim-ekits-heading\" data-id=\"eac25fe\" data-element_type=\"widget\" data-widget_type=\"thim-ekits-heading.default\">\n\t\t\t\t<div class=\"elementor-widget-container\">\n\t\t\t\t\t<div class=\"thim-ekits-heading thim-ekit__heading\"><h6 class=\"title\">Phone Number<\/h6><p class=\"sub-heading\"><a href=\"tel:+48790578340\">+48 790 578 340<\/a><br>\n<a href=\"tel:+48600203254\">+48 600 203 254 <\/a><\/p><\/div>\t\t\t\t<\/div>\n\t\t\t\t<\/div>\n\t\t\t\t<div class=\"elementor-element elementor-element-e27ad8e elementor-widget__width-initial elementor-widget-mobile__width-inherit elementor-widget elementor-widget-thim-ekits-heading\" data-id=\"e27ad8e\" data-element_type=\"widget\" data-widget_type=\"thim-ekits-heading.default\">\n\t\t\t\t<div class=\"elementor-widget-container\">\n\t\t\t\t\t<div class=\"thim-ekits-heading thim-ekit__heading\"><h6 class=\"title\">Address<\/h6><p class=\"sub-heading\">Kaleidoscopes sp z.o.o<br>\nKazimierza Wielkiego 58\/6, 30-074 Krak\u00f3w\n<\/p><\/div>\t\t\t\t<\/div>\n\t\t\t\t<\/div>\n\t\t\t\t<div class=\"elementor-element elementor-element-39743c1 elementor-widget__width-initial elementor-widget-mobile__width-inherit elementor-widget elementor-widget-thim-ekits-heading\" data-id=\"39743c1\" data-element_type=\"widget\" data-widget_type=\"thim-ekits-heading.default\">\n\t\t\t\t<div class=\"elementor-widget-container\">\n\t\t\t\t\t<div class=\"thim-ekits-heading thim-ekit__heading\"><h6 class=\"title\">Company Details:<\/h6><p class=\"sub-heading\"><b>KRS No.:<\/b> 0001202047<br>\n<b>NIP No.<\/b> 6772532496\n<\/p><\/div>\t\t\t\t<\/div>\n\t\t\t\t<\/div>\n\t\t\t\t\t<\/div>\n\t\t\t\t<\/div>\n\t\t\t\t\t<\/div>\n\t\t\t\t<\/div>\n\t\t<div class=\"elementor-element elementor-element-3f0bdef e-flex e-con-boxed e-con e-parent\" data-id=\"3f0bdef\" data-element_type=\"container\" data-settings=\"{&quot;background_background&quot;:&quot;classic&quot;}\">\n\t\t\t\t\t<div class=\"e-con-inner\">\n\t\t<div class=\"elementor-element elementor-element-5b1e5eb e-con-full animated-slow e-flex elementor-invisible e-con e-child\" data-id=\"5b1e5eb\" data-element_type=\"container\" data-settings=\"{&quot;animation&quot;:&quot;ekit--slide-right&quot;,&quot;background_background&quot;:&quot;classic&quot;}\">\n\t\t\t\t<\/div>\n\t\t<div class=\"elementor-element elementor-element-3e49095 e-con-full animated-slow e-flex elementor-invisible e-con e-child\" data-id=\"3e49095\" data-element_type=\"container\" data-settings=\"{&quot;animation&quot;:&quot;ekit--slide-left&quot;,&quot;background_background&quot;:&quot;classic&quot;}\">\n\t\t\t\t<div class=\"elementor-element elementor-element-8d725af elementor-widget elementor-widget-thim-ekits-heading\" data-id=\"8d725af\" data-element_type=\"widget\" data-widget_type=\"thim-ekits-heading.default\">\n\t\t\t\t<div class=\"elementor-widget-container\">\n\t\t\t\t\t<div class=\"thim-ekits-heading thim-ekit__heading\"><h4 class=\"title\">Contact Form<\/h4><\/div>\t\t\t\t<\/div>\n\t\t\t\t<\/div>\n\t\t\t\t<div class=\"elementor-element elementor-element-db30cd2 elementor-widget elementor-widget-thim-ekits-contact-form-7\" data-id=\"db30cd2\" data-element_type=\"widget\" data-widget_type=\"thim-ekits-contact-form-7.default\">\n\t\t\t\t<div class=\"elementor-widget-container\">\n\t\t\t\t\t\t\t\t<div class=\"thim-ekit-wpcf7\">\n\t\t\t\t\n<div class=\"wpcf7 no-js\" id=\"wpcf7-f21636-o1\" lang=\"en-US\" dir=\"ltr\" data-wpcf7-id=\"21636\">\n<div class=\"screen-reader-response\"><p role=\"status\" aria-live=\"polite\" aria-atomic=\"true\"><\/p> <ul><\/ul><\/div>\n<form action=\"\/en\/wp-json\/wp\/v2\/pages\/21691#wpcf7-f21636-o1\" method=\"post\" class=\"wpcf7-form init\" aria-label=\"Contact form\" novalidate=\"novalidate\" data-status=\"init\">\n<fieldset class=\"hidden-fields-container\"><input type=\"hidden\" name=\"_wpcf7\" value=\"21636\" \/><input type=\"hidden\" name=\"_wpcf7_version\" value=\"6.1.3\" \/><input type=\"hidden\" name=\"_wpcf7_locale\" value=\"en_US\" \/><input type=\"hidden\" name=\"_wpcf7_unit_tag\" value=\"wpcf7-f21636-o1\" \/><input type=\"hidden\" name=\"_wpcf7_container_post\" value=\"0\" \/><input type=\"hidden\" name=\"_wpcf7_posted_data_hash\" value=\"\" \/>\n<\/fieldset>\n<div class=\"d-flex\">\n\t<p><span class=\"wpcf7-form-control-wrap\" data-name=\"your-name\"><input size=\"40\" maxlength=\"400\" class=\"wpcf7-form-control wpcf7-text wpcf7-validates-as-required\" aria-required=\"true\" aria-invalid=\"false\" placeholder=\"First and last name*\" value=\"\" type=\"text\" name=\"your-name\" \/><\/span>\n\t<\/p>\n\t<p><span class=\"wpcf7-form-control-wrap\" data-name=\"your-firm\"><input size=\"40\" maxlength=\"400\" class=\"wpcf7-form-control wpcf7-text\" aria-invalid=\"false\" placeholder=\"Company\" value=\"\" type=\"text\" name=\"your-firm\" \/><\/span>\n\t<\/p>\n<\/div>\n<div class=\"d-flex\">\n\t<p><span class=\"wpcf7-form-control-wrap\" data-name=\"your-email\"><input size=\"40\" maxlength=\"400\" class=\"wpcf7-form-control wpcf7-email wpcf7-validates-as-required wpcf7-text wpcf7-validates-as-email\" aria-required=\"true\" aria-invalid=\"false\" placeholder=\"Email Address*\" value=\"\" type=\"email\" name=\"your-email\" \/><\/span>\n\t<\/p>\n\t<p><span class=\"wpcf7-form-control-wrap\" data-name=\"phone\"><input size=\"40\" maxlength=\"400\" class=\"wpcf7-form-control wpcf7-tel wpcf7-text wpcf7-validates-as-tel\" aria-invalid=\"false\" placeholder=\"Phone number\" value=\"\" type=\"tel\" name=\"phone\" \/><\/span>\n\t<\/p>\n<\/div>\n<p><span class=\"wpcf7-form-control-wrap\" data-name=\"your-message\"><textarea cols=\"40\" rows=\"10\" maxlength=\"2000\" class=\"wpcf7-form-control wpcf7-textarea wpcf7-validates-as-required\" aria-required=\"true\" aria-invalid=\"false\" placeholder=\"Message*\" name=\"your-message\"><\/textarea><\/span><br \/>\n<span class=\"wpcf7-form-control-wrap\" data-name=\"polityka\"><span class=\"wpcf7-form-control wpcf7-acceptance\"><span class=\"wpcf7-list-item\"><label><input type=\"checkbox\" name=\"polityka\" value=\"1\" aria-invalid=\"false\" \/><span class=\"wpcf7-list-item-label\">I declare that I have read the <a href=\"https:\/\/kaleidoscopes.pl\/en\/privacy-policy\/\">Privacy Policy<\/a> and accept its provisions.<\/span><\/label><\/span><\/span><\/span><br \/>\n<button type=\"submit\" aria-controls=\"result\" class=\"wpcf7-form-control wpcf7-submit has-spinner\"><span>Send<\/span> <i aria-hidden=\"true\" class=\"icon-align-right fas fa-arrow-right\"><\/i><\/button>\n<\/p><div class=\"wpcf7-response-output\" aria-hidden=\"true\"><\/div>\n<\/form>\n<\/div>\n\t\t\t<\/div>\n\t\t\t\t\t\t<\/div>\n\t\t\t\t<\/div>\n\t\t\t\t<\/div>\n\t\t\t\t\t<\/div>\n\t\t\t\t<\/div>\n\t\t\t\t<\/div>\n\t\t","protected":false},"excerpt":{"rendered":"<p>Contact Get in touch with us &#8211; we are here to talk about your workshop Email marcin@kaleidoscopes.pl tomek@kaleidoscopes.pl hello@kaleidoscopes.pl Phone Number +48 790 578 340 +48 600 203 254 Address Kaleidoscopes sp z.o.o Kazimierza Wielkiego 58\/6, 30-074 Krak\u00f3w Company Details: [&hellip;]<\/p>\n","protected":false},"author":3,"featured_media":0,"parent":0,"menu_order":0,"comment_status":"closed","ping_status":"closed","template":"elementor_header_footer","meta":{"footnotes":""},"class_list":["post-21691","page","type-page","status-publish","hentry"],"yoast_head":"<!-- This site is optimized with the Yoast SEO plugin v26.3 - https:\/\/yoast.com\/wordpress\/plugins\/seo\/ -->\n<title>Contact - Kaleidoscopes Kontakt - Kaleidoscopes. Zesp\u00f3\u0142 LSP, Design Thinking i Coaching<\/title>\n<meta name=\"description\" content=\"Skontaktuj si\u0119 z ekspertami Kaleidoscopes. Om\u00f3w strategi\u0119 szkoleniow\u0105, warsztaty LEGO\u00ae Serious Play\u00ae lub sesje Coachingowe dla Twojej firmy.\" \/>\n<meta name=\"robots\" content=\"index, follow, max-snippet:-1, max-image-preview:large, max-video-preview:-1\" \/>\n<link rel=\"canonical\" href=\"https:\/\/kaleidoscopes.pl\/en\/contact\/\" \/>\n<meta property=\"og:locale\" content=\"en_US\" \/>\n<meta property=\"og:type\" content=\"article\" \/>\n<meta property=\"og:title\" content=\"Contact - Kaleidoscopes Kontakt - Kaleidoscopes. Zesp\u00f3\u0142 LSP, Design Thinking i Coaching\" \/>\n<meta property=\"og:description\" content=\"Skontaktuj si\u0119 z ekspertami Kaleidoscopes. Om\u00f3w strategi\u0119 szkoleniow\u0105, warsztaty LEGO\u00ae Serious Play\u00ae lub sesje Coachingowe dla Twojej firmy.\" \/>\n<meta property=\"og:url\" content=\"https:\/\/kaleidoscopes.pl\/en\/contact\/\" \/>\n<meta property=\"og:site_name\" content=\"Kaleidoscopes\" \/>\n<meta property=\"article:modified_time\" content=\"2026-02-11T15:43:57+00:00\" \/>\n<meta property=\"og:image\" content=\"https:\/\/kaleidoscopes.pl\/wp-content\/uploads\/2025\/11\/KALEIDOSCOPES-logo-social.jpg\" \/>\n\t<meta property=\"og:image:width\" content=\"1200\" \/>\n\t<meta property=\"og:image:height\" content=\"628\" \/>\n\t<meta property=\"og:image:type\" content=\"image\/jpeg\" \/>\n<meta name=\"twitter:card\" content=\"summary_large_image\" \/>\n<meta name=\"twitter:label1\" content=\"Est. reading time\" \/>\n\t<meta name=\"twitter:data1\" content=\"1 minute\" \/>\n<script type=\"application\/ld+json\" class=\"yoast-schema-graph\">{\"@context\":\"https:\/\/schema.org\",\"@graph\":[{\"@type\":\"WebPage\",\"@id\":\"https:\/\/kaleidoscopes.pl\/en\/contact\/\",\"url\":\"https:\/\/kaleidoscopes.pl\/en\/contact\/\",\"name\":\"Contact - Kaleidoscopes Kontakt - Kaleidoscopes. Zesp\u00f3\u0142 LSP, Design Thinking i Coaching\",\"isPartOf\":{\"@id\":\"https:\/\/kaleidoscopes.pl\/en\/#website\"},\"datePublished\":\"2015-10-22T01:17:26+00:00\",\"dateModified\":\"2026-02-11T15:43:57+00:00\",\"description\":\"Skontaktuj si\u0119 z ekspertami Kaleidoscopes. Om\u00f3w strategi\u0119 szkoleniow\u0105, warsztaty LEGO\u00ae Serious Play\u00ae lub sesje Coachingowe dla Twojej firmy.\",\"breadcrumb\":{\"@id\":\"https:\/\/kaleidoscopes.pl\/en\/contact\/#breadcrumb\"},\"inLanguage\":\"en-US\",\"potentialAction\":[{\"@type\":\"ReadAction\",\"target\":[\"https:\/\/kaleidoscopes.pl\/en\/contact\/\"]}]},{\"@type\":\"BreadcrumbList\",\"@id\":\"https:\/\/kaleidoscopes.pl\/en\/contact\/#breadcrumb\",\"itemListElement\":[{\"@type\":\"ListItem\",\"position\":1,\"name\":\"Strona g\u0142\u00f3wna\",\"item\":\"https:\/\/kaleidoscopes.pl\/en\/\"},{\"@type\":\"ListItem\",\"position\":2,\"name\":\"Contact\"}]},{\"@type\":\"WebSite\",\"@id\":\"https:\/\/kaleidoscopes.pl\/en\/#website\",\"url\":\"https:\/\/kaleidoscopes.pl\/en\/\",\"name\":\"Kaleidoscopes - Szkolenia i Warsztaty Lego Serious Play i Design Thinking\",\"description\":\"Just another WordPress site\",\"publisher\":{\"@id\":\"https:\/\/kaleidoscopes.pl\/en\/#organization\"},\"potentialAction\":[{\"@type\":\"SearchAction\",\"target\":{\"@type\":\"EntryPoint\",\"urlTemplate\":\"https:\/\/kaleidoscopes.pl\/en\/?s={search_term_string}\"},\"query-input\":{\"@type\":\"PropertyValueSpecification\",\"valueRequired\":true,\"valueName\":\"search_term_string\"}}],\"inLanguage\":\"en-US\"},{\"@type\":\"Organization\",\"@id\":\"https:\/\/kaleidoscopes.pl\/en\/#organization\",\"name\":\"Kaleidoscopes\",\"url\":\"https:\/\/kaleidoscopes.pl\/en\/\",\"logo\":{\"@type\":\"ImageObject\",\"inLanguage\":\"en-US\",\"@id\":\"https:\/\/kaleidoscopes.pl\/en\/#\/schema\/logo\/image\/\",\"url\":\"https:\/\/kaleidoscopes.pl\/wp-content\/uploads\/2025\/10\/KALEIDOSCOPES-logo-1.png\",\"contentUrl\":\"https:\/\/kaleidoscopes.pl\/wp-content\/uploads\/2025\/10\/KALEIDOSCOPES-logo-1.png\",\"width\":133,\"height\":126,\"caption\":\"Kaleidoscopes\"},\"image\":{\"@id\":\"https:\/\/kaleidoscopes.pl\/en\/#\/schema\/logo\/image\/\"}}]}<\/script>\n<!-- \/ Yoast SEO plugin. -->","yoast_head_json":{"title":"Contact - Kaleidoscopes Kontakt - Kaleidoscopes. Zesp\u00f3\u0142 LSP, Design Thinking i Coaching","description":"Skontaktuj si\u0119 z ekspertami Kaleidoscopes. Om\u00f3w strategi\u0119 szkoleniow\u0105, warsztaty LEGO\u00ae Serious Play\u00ae lub sesje Coachingowe dla Twojej firmy.","robots":{"index":"index","follow":"follow","max-snippet":"max-snippet:-1","max-image-preview":"max-image-preview:large","max-video-preview":"max-video-preview:-1"},"canonical":"https:\/\/kaleidoscopes.pl\/en\/contact\/","og_locale":"en_US","og_type":"article","og_title":"Contact - Kaleidoscopes Kontakt - Kaleidoscopes. Zesp\u00f3\u0142 LSP, Design Thinking i Coaching","og_description":"Skontaktuj si\u0119 z ekspertami Kaleidoscopes. Om\u00f3w strategi\u0119 szkoleniow\u0105, warsztaty LEGO\u00ae Serious Play\u00ae lub sesje Coachingowe dla Twojej firmy.","og_url":"https:\/\/kaleidoscopes.pl\/en\/contact\/","og_site_name":"Kaleidoscopes","article_modified_time":"2026-02-11T15:43:57+00:00","og_image":[{"width":1200,"height":628,"url":"https:\/\/kaleidoscopes.pl\/wp-content\/uploads\/2025\/11\/KALEIDOSCOPES-logo-social.jpg","type":"image\/jpeg"}],"twitter_card":"summary_large_image","twitter_misc":{"Est. reading time":"1 minute"},"schema":{"@context":"https:\/\/schema.org","@graph":[{"@type":"WebPage","@id":"https:\/\/kaleidoscopes.pl\/en\/contact\/","url":"https:\/\/kaleidoscopes.pl\/en\/contact\/","name":"Contact - Kaleidoscopes Kontakt - Kaleidoscopes. Zesp\u00f3\u0142 LSP, Design Thinking i Coaching","isPartOf":{"@id":"https:\/\/kaleidoscopes.pl\/en\/#website"},"datePublished":"2015-10-22T01:17:26+00:00","dateModified":"2026-02-11T15:43:57+00:00","description":"Skontaktuj si\u0119 z ekspertami Kaleidoscopes. Om\u00f3w strategi\u0119 szkoleniow\u0105, warsztaty LEGO\u00ae Serious Play\u00ae lub sesje Coachingowe dla Twojej firmy.","breadcrumb":{"@id":"https:\/\/kaleidoscopes.pl\/en\/contact\/#breadcrumb"},"inLanguage":"en-US","potentialAction":[{"@type":"ReadAction","target":["https:\/\/kaleidoscopes.pl\/en\/contact\/"]}]},{"@type":"BreadcrumbList","@id":"https:\/\/kaleidoscopes.pl\/en\/contact\/#breadcrumb","itemListElement":[{"@type":"ListItem","position":1,"name":"Strona g\u0142\u00f3wna","item":"https:\/\/kaleidoscopes.pl\/en\/"},{"@type":"ListItem","position":2,"name":"Contact"}]},{"@type":"WebSite","@id":"https:\/\/kaleidoscopes.pl\/en\/#website","url":"https:\/\/kaleidoscopes.pl\/en\/","name":"Kaleidoscopes - Szkolenia i Warsztaty Lego Serious Play i Design Thinking","description":"Just another WordPress site","publisher":{"@id":"https:\/\/kaleidoscopes.pl\/en\/#organization"},"potentialAction":[{"@type":"SearchAction","target":{"@type":"EntryPoint","urlTemplate":"https:\/\/kaleidoscopes.pl\/en\/?s={search_term_string}"},"query-input":{"@type":"PropertyValueSpecification","valueRequired":true,"valueName":"search_term_string"}}],"inLanguage":"en-US"},{"@type":"Organization","@id":"https:\/\/kaleidoscopes.pl\/en\/#organization","name":"Kaleidoscopes","url":"https:\/\/kaleidoscopes.pl\/en\/","logo":{"@type":"ImageObject","inLanguage":"en-US","@id":"https:\/\/kaleidoscopes.pl\/en\/#\/schema\/logo\/image\/","url":"https:\/\/kaleidoscopes.pl\/wp-content\/uploads\/2025\/10\/KALEIDOSCOPES-logo-1.png","contentUrl":"https:\/\/kaleidoscopes.pl\/wp-content\/uploads\/2025\/10\/KALEIDOSCOPES-logo-1.png","width":133,"height":126,"caption":"Kaleidoscopes"},"image":{"@id":"https:\/\/kaleidoscopes.pl\/en\/#\/schema\/logo\/image\/"}}]}},"_links":{"self":[{"href":"https:\/\/kaleidoscopes.pl\/en\/wp-json\/wp\/v2\/pages\/21691","targetHints":{"allow":["GET"]}}],"collection":[{"href":"https:\/\/kaleidoscopes.pl\/en\/wp-json\/wp\/v2\/pages"}],"about":[{"href":"https:\/\/kaleidoscopes.pl\/en\/wp-json\/wp\/v2\/types\/page"}],"author":[{"embeddable":true,"href":"https:\/\/kaleidoscopes.pl\/en\/wp-json\/wp\/v2\/users\/3"}],"replies":[{"embeddable":true,"href":"https:\/\/kaleidoscopes.pl\/en\/wp-json\/wp\/v2\/comments?post=21691"}],"version-history":[{"count":22,"href":"https:\/\/kaleidoscopes.pl\/en\/wp-json\/wp\/v2\/pages\/21691\/revisions"}],"predecessor-version":[{"id":22151,"href":"https:\/\/kaleidoscopes.pl\/en\/wp-json\/wp\/v2\/pages\/21691\/revisions\/22151"}],"wp:attachment":[{"href":"https:\/\/kaleidoscopes.pl\/en\/wp-json\/wp\/v2\/media?parent=21691"}],"curies":[{"name":"wp","href":"https:\/\/api.w.org\/{rel}","templated":true}]}}